{"id":38,"date":"2018-11-01T15:07:12","date_gmt":"2018-11-01T15:07:12","guid":{"rendered":"http:\/\/nszzpwsrp.pl\/?page_id=38"},"modified":"2019-12-02T20:20:51","modified_gmt":"2019-12-02T20:20:51","slug":"akty-prawne","status":"publish","type":"page","link":"https:\/\/nszzpwsrp.pl\/sample-page\/akty-prawne\/","title":{"rendered":"akty prawne"},"content":{"rendered":"\t\t<div data-elementor-type=\"wp-post\" data-elementor-id=\"38\" class=\"elementor elementor-38\">\n\t\t\t\t\t\t<div class=\"elementor-inner\">\n\t\t\t\t<div class=\"elementor-section-wrap\">\n\t\t\t\t\t\t\t\t\t<section class=\"elementor-section elementor-top-section elementor-element elementor-element-5edab312 elementor-section-boxed elementor-section-height-default elementor-section-height-default elementor-invisible\" data-id=\"5edab312\" data-element_type=\"section\" data-settings=\"{&quot;background_background&quot;:&quot;classic&quot;,&quot;animation&quot;:&quot;fadeInLeft&quot;}\">\n\t\t\t\t\t\t\t<div class=\"elementor-background-overlay\"><\/div>\n\t\t\t\t\t\t\t<div class=\"elementor-container elementor-column-gap-default\">\n\t\t\t\t\t\t\t<div class=\"elementor-row\">\n\t\t\t\t\t<div class=\"elementor-column elementor-col-100 elementor-top-column elementor-element elementor-element-1357a024\" data-id=\"1357a024\" data-element_type=\"column\" data-settings=\"{&quot;background_background&quot;:&quot;gradient&quot;}\">\n\t\t\t<div class=\"elementor-column-wrap elementor-element-populated\">\n\t\t\t\t\t<div class=\"elementor-background-overlay\"><\/div>\n\t\t\t\t\t\t\t<div class=\"elementor-widget-wrap\">\n\t\t\t\t\t\t<div class=\"elementor-element elementor-element-830ddaf elementor-invisible elementor-widget elementor-widget-text-editor\" data-id=\"830ddaf\" data-element_type=\"widget\" data-settings=\"{&quot;_animation&quot;:&quot;jello&quot;}\" data-widget_type=\"text-editor.default\">\n\t\t\t\t<div class=\"elementor-widget-container\">\n\t\t\t\t\t\t\t\t<div class=\"elementor-text-editor elementor-clearfix\">\n\t\t\t\t<h6><span style=\"text-decoration: underline;\"><em><strong>Podstawowe akty prawne reguluj\u0105ce funkcjonowanie NSZZ PWS RP<\/strong><\/em><\/span><\/h6><ul><li><i><a href=\"https:\/\/nszzpwsrp.pl\/wp-content\/uploads\/2019\/12\/kodeks-pracy-11.2019.pdf\">kodeks pracy<\/a>;<\/i><\/li><\/ul><ul><li><a href=\"https:\/\/nszzpwsrp.pl\/wp-content\/uploads\/2019\/11\/ustawa-o-zwi\u0105zkach-zawodowych.pdf\"><i>ustawa o zwi\u0105zkach zawodowych;<\/i><\/a><\/li><\/ul><ul><li><i><a href=\"http:\/\/prawo.sejm.gov.pl\/isap.nsf\/download.xsp\/WDU20010981070\/U\/D20011070Lj.pdf\">prawo\u00a0 o ustroju s\u0105d\u00f3w powszechnych;\u00a0<\/a><\/i><\/li><\/ul><ul><li><a href=\"http:\/\/prawo.sejm.gov.pl\/isap.nsf\/download.xsp\/WDU19981621125\/U\/D19981125Lj.pdf\">ustawa o pracownikach sad\u00f3w;<\/a><\/li><\/ul><ul><li><a href=\"http:\/\/prawo.sejm.gov.pl\/isap.nsf\/download.xsp\/WDU20170000485\/O\/D20170485.pdf\">rozporz\u0105dzenie w sprawie stanowisk i szczeg\u00f3\u0142owych zasad wynagradzania urz\u0119dnik\u00f3w innych pracownik\u00f3w s\u0105d\u00f3w i prokuratur oraz odbywania sta\u017cu urz\u0119dniczego;<\/a><\/li><\/ul><ul><li><a href=\"http:\/\/prawo.sejm.gov.pl\/isap.nsf\/download.xsp\/WDU20060790550\/U\/D20060550Lj.pdf\">ustawa o informowaniu pracownik\u00f3w i przeprowadzaniu z nimi konsultacji;<\/a><\/li><\/ul><ul><li><a href=\"http:\/\/prawo.sejm.gov.pl\/isap.nsf\/download.xsp\/WDU19910550236\/U\/D19910236Lj.pdf\">ustawa o rozwi\u0105zywaniu spor\u00f3w zbiorowych;<\/a><\/li><\/ul><ul><li><a href=\"http:\/\/prawo.sejm.gov.pl\/isap.nsf\/download.xsp\/WDU19940430163\/U\/D19940163Lj.pdf\">\u00a0ustawa o zak\u0142adowym funduszu \u015bwiadcze\u0144 socjalnych;<\/a><\/li><\/ul><ul><li><a href=\"http:\/\/prawo.sejm.gov.pl\/isap.nsf\/download.xsp\/WDU20030900844\/U\/D20030844Lj.pdf\">o szczeg\u00f3lnych zasadach rozwi\u0105zywania z pracownikami stosunk\u00f3w pracy z przyczyn niedotycz\u0105cych pracownik\u00f3w;\u00a0<\/a><\/li><\/ul><ul><li><a href=\"http:\/\/prawo.sejm.gov.pl\/isap.nsf\/download.xsp\/WDU19830350163\/U\/D19830163Lj.pdf\">ustawa o spo\u0142ecznej inspekcji pracy;<\/a><\/li><\/ul><ul><li><a href=\"http:\/\/prawo.sejm.gov.pl\/isap.nsf\/download.xsp\/WDU20180001000\/U\/D20181000Lj.pdf\">ustawa\u00a0o ochronie danych osobowych;<\/a><\/li><\/ul><ul><li><a href=\"http:\/\/prawo.sejm.gov.pl\/isap.nsf\/download.xsp\/WDU20140000257\/O\/D20140257.pdf\">w sprawie szczeg\u00f3\u0142owych zasad i trybu post\u0119powania przy dokonywaniu ocen kwalifikacyjnych urz\u0119dnik\u00f3w i innych pracownik\u00f3w s\u0105d\u00f3w i prokuratury;<\/a><\/li><\/ul><ul><li><a href=\"http:\/\/prawo.sejm.gov.pl\/isap.nsf\/download.xsp\/WDU20150001240\/U\/D20151240Lj.pdf\">ustawa\u00a0o Radzie Dialogu Spo\u0142ecznego i innych instytucjach dialogu spo\u0142ecznego.<\/a><\/li><\/ul>\t\t\t\t\t<\/div>\n\t\t\t\t\t\t<\/div>\n\t\t\t\t<\/div>\n\t\t\t\t\t\t<\/div>\n\t\t\t\t\t<\/div>\n\t\t<\/div>\n\t\t\t\t\t\t\t\t<\/div>\n\t\t\t\t\t<\/div>\n\t\t<\/section>\n\t\t\t\t\t\t\t\t\t<\/div>\n\t\t\t<\/div>\n\t\t\t\t\t<\/div>\n\t\t","protected":false},"excerpt":{"rendered":"<p>Podstawowe akty prawne reguluj\u0105ce funkcjonowanie NSZZ PWS RP kodeks pracy; ustawa o zwi\u0105zkach zawodowych; prawo\u00a0 o ustroju s\u0105d\u00f3w powszechnych;\u00a0 ustawa o pracownikach sad\u00f3w; rozporz\u0105dzenie w sprawie stanowisk i szczeg\u00f3\u0142owych zasad wynagradzania urz\u0119dnik\u00f3w innych pracownik\u00f3w s\u0105d\u00f3w i prokuratur oraz odbywania sta\u017cu urz\u0119dniczego; ustawa o informowaniu pracownik\u00f3w i przeprowadzaniu z nimi konsultacji; ustawa o rozwi\u0105zywaniu spor\u00f3w zbiorowych; [&hellip;]<\/p>\n","protected":false},"author":1,"featured_media":0,"parent":0,"menu_order":0,"comment_status":"closed","ping_status":"closed","template":"","meta":{"_bbp_topic_count":0,"_bbp_reply_count":0,"_bbp_total_topic_count":0,"_bbp_total_reply_count":0,"_bbp_voice_count":0,"_bbp_anonymous_reply_count":0,"_bbp_topic_count_hidden":0,"_bbp_reply_count_hidden":0,"_bbp_forum_subforum_count":0},"yoast_head":"<!-- This site is optimized with the Yoast SEO plugin v19.11 - https:\/\/yoast.com\/wordpress\/plugins\/seo\/ -->\n<title>akty prawne - NSZZ Pracownik\u00f3w Wymiaru Sprawiedliwo\u015bci RP<\/title>\n<meta name=\"description\" content=\"Obecnie obowi\u0105zuj\u0105ce g\u0142\u00f3wne akty prawne reguluj\u0105ce funcjonowanie NSZZ Pracownik\u00f3w Wymiaru Sprawiedliwo\u015bci Rzeczypospolitej Polskiej.\" \/>\n<meta name=\"robots\" content=\"index, follow, max-snippet:-1, max-image-preview:large, max-video-preview:-1\" \/>\n<link rel=\"canonical\" href=\"https:\/\/nszzpwsrp.pl\/sample-page\/akty-prawne\/\" \/>\n<meta property=\"og:locale\" content=\"pl_PL\" \/>\n<meta property=\"og:type\" content=\"article\" \/>\n<meta property=\"og:title\" content=\"akty prawne - NSZZ Pracownik\u00f3w Wymiaru Sprawiedliwo\u015bci RP\" \/>\n<meta property=\"og:description\" content=\"Obecnie obowi\u0105zuj\u0105ce g\u0142\u00f3wne akty prawne reguluj\u0105ce funcjonowanie NSZZ Pracownik\u00f3w Wymiaru Sprawiedliwo\u015bci Rzeczypospolitej Polskiej.\" \/>\n<meta property=\"og:url\" content=\"https:\/\/nszzpwsrp.pl\/sample-page\/akty-prawne\/\" \/>\n<meta property=\"og:site_name\" content=\"NSZZ Pracownik\u00f3w Wymiaru Sprawiedliwo\u015bci RP\" \/>\n<meta property=\"article:modified_time\" content=\"2019-12-02T20:20:51+00:00\" \/>\n<meta name=\"twitter:card\" content=\"summary_large_image\" \/>\n<meta name=\"twitter:label1\" content=\"Szacowany czas czytania\" \/>\n\t<meta name=\"twitter:data1\" content=\"1 minuta\" \/>\n<script type=\"application\/ld+json\" class=\"yoast-schema-graph\">{\"@context\":\"https:\/\/schema.org\",\"@graph\":[{\"@type\":\"WebPage\",\"@id\":\"https:\/\/nszzpwsrp.pl\/sample-page\/akty-prawne\/\",\"url\":\"https:\/\/nszzpwsrp.pl\/sample-page\/akty-prawne\/\",\"name\":\"akty prawne - NSZZ Pracownik\u00f3w Wymiaru Sprawiedliwo\u015bci RP\",\"isPartOf\":{\"@id\":\"https:\/\/nszzpwsrp.pl\/sample-page\/#website\"},\"datePublished\":\"2018-11-01T15:07:12+00:00\",\"dateModified\":\"2019-12-02T20:20:51+00:00\",\"description\":\"Obecnie obowi\u0105zuj\u0105ce g\u0142\u00f3wne akty prawne reguluj\u0105ce funcjonowanie NSZZ Pracownik\u00f3w Wymiaru Sprawiedliwo\u015bci Rzeczypospolitej Polskiej.\",\"breadcrumb\":{\"@id\":\"https:\/\/nszzpwsrp.pl\/sample-page\/akty-prawne\/#breadcrumb\"},\"inLanguage\":\"pl-PL\",\"potentialAction\":[{\"@type\":\"ReadAction\",\"target\":[\"https:\/\/nszzpwsrp.pl\/sample-page\/akty-prawne\/\"]}]},{\"@type\":\"BreadcrumbList\",\"@id\":\"https:\/\/nszzpwsrp.pl\/sample-page\/akty-prawne\/#breadcrumb\",\"itemListElement\":[{\"@type\":\"ListItem\",\"position\":1,\"name\":\"Strona g\u0142\u00f3wna\",\"item\":\"https:\/\/nszzpwsrp.pl\/sample-page\/\"},{\"@type\":\"ListItem\",\"position\":2,\"name\":\"akty prawne\"}]},{\"@type\":\"WebSite\",\"@id\":\"https:\/\/nszzpwsrp.pl\/sample-page\/#website\",\"url\":\"https:\/\/nszzpwsrp.pl\/sample-page\/\",\"name\":\"NSZZ Pracownik\u00f3w Wymiaru Sprawiedliwo\u015bci Rzeczypospolitej Polskiej\",\"description\":\"sta\u0142y cz\u0142onek Og\u00f3lnopolskiego Porozumienia Zwi\u0105zk\u00f3w Zawodowych i Europejskiej Konfederacji Zwi\u0105zk\u00f3w Zawodowych\",\"publisher\":{\"@id\":\"https:\/\/nszzpwsrp.pl\/sample-page\/#organization\"},\"potentialAction\":[{\"@type\":\"SearchAction\",\"target\":{\"@type\":\"EntryPoint\",\"urlTemplate\":\"https:\/\/nszzpwsrp.pl\/sample-page\/?s={search_term_string}\"},\"query-input\":\"required name=search_term_string\"}],\"inLanguage\":\"pl-PL\"},{\"@type\":\"Organization\",\"@id\":\"https:\/\/nszzpwsrp.pl\/sample-page\/#organization\",\"name\":\"NSZZ Pracownik\u00f3w Wymiaru Sprawiedliwo\u015bci Rzeczypospolitej Polskiej\",\"url\":\"https:\/\/nszzpwsrp.pl\/sample-page\/\",\"logo\":{\"@type\":\"ImageObject\",\"inLanguage\":\"pl-PL\",\"@id\":\"https:\/\/nszzpwsrp.pl\/sample-page\/#\/schema\/logo\/image\/\",\"url\":\"https:\/\/nszzpwsrp.pl\/wp-content\/uploads\/2018\/11\/logo-e1541235346564.png\",\"contentUrl\":\"https:\/\/nszzpwsrp.pl\/wp-content\/uploads\/2018\/11\/logo-e1541235346564.png\",\"width\":250,\"height\":250,\"caption\":\"NSZZ Pracownik\u00f3w Wymiaru Sprawiedliwo\u015bci Rzeczypospolitej Polskiej\"},\"image\":{\"@id\":\"https:\/\/nszzpwsrp.pl\/sample-page\/#\/schema\/logo\/image\/\"}}]}<\/script>\n<!-- \/ Yoast SEO plugin. -->","yoast_head_json":{"title":"akty prawne - NSZZ Pracownik\u00f3w Wymiaru Sprawiedliwo\u015bci RP","description":"Obecnie obowi\u0105zuj\u0105ce g\u0142\u00f3wne akty prawne reguluj\u0105ce funcjonowanie NSZZ Pracownik\u00f3w Wymiaru Sprawiedliwo\u015bci Rzeczypospolitej Polskiej.","robots":{"index":"index","follow":"follow","max-snippet":"max-snippet:-1","max-image-preview":"max-image-preview:large","max-video-preview":"max-video-preview:-1"},"canonical":"https:\/\/nszzpwsrp.pl\/sample-page\/akty-prawne\/","og_locale":"pl_PL","og_type":"article","og_title":"akty prawne - NSZZ Pracownik\u00f3w Wymiaru Sprawiedliwo\u015bci RP","og_description":"Obecnie obowi\u0105zuj\u0105ce g\u0142\u00f3wne akty prawne reguluj\u0105ce funcjonowanie NSZZ Pracownik\u00f3w Wymiaru Sprawiedliwo\u015bci Rzeczypospolitej Polskiej.","og_url":"https:\/\/nszzpwsrp.pl\/sample-page\/akty-prawne\/","og_site_name":"NSZZ Pracownik\u00f3w Wymiaru Sprawiedliwo\u015bci RP","article_modified_time":"2019-12-02T20:20:51+00:00","twitter_card":"summary_large_image","twitter_misc":{"Szacowany czas czytania":"1 minuta"},"schema":{"@context":"https:\/\/schema.org","@graph":[{"@type":"WebPage","@id":"https:\/\/nszzpwsrp.pl\/sample-page\/akty-prawne\/","url":"https:\/\/nszzpwsrp.pl\/sample-page\/akty-prawne\/","name":"akty prawne - NSZZ Pracownik\u00f3w Wymiaru Sprawiedliwo\u015bci RP","isPartOf":{"@id":"https:\/\/nszzpwsrp.pl\/sample-page\/#website"},"datePublished":"2018-11-01T15:07:12+00:00","dateModified":"2019-12-02T20:20:51+00:00","description":"Obecnie obowi\u0105zuj\u0105ce g\u0142\u00f3wne akty prawne reguluj\u0105ce funcjonowanie NSZZ Pracownik\u00f3w Wymiaru Sprawiedliwo\u015bci Rzeczypospolitej Polskiej.","breadcrumb":{"@id":"https:\/\/nszzpwsrp.pl\/sample-page\/akty-prawne\/#breadcrumb"},"inLanguage":"pl-PL","potentialAction":[{"@type":"ReadAction","target":["https:\/\/nszzpwsrp.pl\/sample-page\/akty-prawne\/"]}]},{"@type":"BreadcrumbList","@id":"https:\/\/nszzpwsrp.pl\/sample-page\/akty-prawne\/#breadcrumb","itemListElement":[{"@type":"ListItem","position":1,"name":"Strona g\u0142\u00f3wna","item":"https:\/\/nszzpwsrp.pl\/sample-page\/"},{"@type":"ListItem","position":2,"name":"akty prawne"}]},{"@type":"WebSite","@id":"https:\/\/nszzpwsrp.pl\/sample-page\/#website","url":"https:\/\/nszzpwsrp.pl\/sample-page\/","name":"NSZZ Pracownik\u00f3w Wymiaru Sprawiedliwo\u015bci Rzeczypospolitej Polskiej","description":"sta\u0142y cz\u0142onek Og\u00f3lnopolskiego Porozumienia Zwi\u0105zk\u00f3w Zawodowych i Europejskiej Konfederacji Zwi\u0105zk\u00f3w Zawodowych","publisher":{"@id":"https:\/\/nszzpwsrp.pl\/sample-page\/#organization"},"potentialAction":[{"@type":"SearchAction","target":{"@type":"EntryPoint","urlTemplate":"https:\/\/nszzpwsrp.pl\/sample-page\/?s={search_term_string}"},"query-input":"required name=search_term_string"}],"inLanguage":"pl-PL"},{"@type":"Organization","@id":"https:\/\/nszzpwsrp.pl\/sample-page\/#organization","name":"NSZZ Pracownik\u00f3w Wymiaru Sprawiedliwo\u015bci Rzeczypospolitej Polskiej","url":"https:\/\/nszzpwsrp.pl\/sample-page\/","logo":{"@type":"ImageObject","inLanguage":"pl-PL","@id":"https:\/\/nszzpwsrp.pl\/sample-page\/#\/schema\/logo\/image\/","url":"https:\/\/nszzpwsrp.pl\/wp-content\/uploads\/2018\/11\/logo-e1541235346564.png","contentUrl":"https:\/\/nszzpwsrp.pl\/wp-content\/uploads\/2018\/11\/logo-e1541235346564.png","width":250,"height":250,"caption":"NSZZ Pracownik\u00f3w Wymiaru Sprawiedliwo\u015bci Rzeczypospolitej Polskiej"},"image":{"@id":"https:\/\/nszzpwsrp.pl\/sample-page\/#\/schema\/logo\/image\/"}}]}},"jetpack_sharing_enabled":true,"jetpack_shortlink":"https:\/\/wp.me\/PatX8E-C","_links":{"self":[{"href":"https:\/\/nszzpwsrp.pl\/sample-page\/wp-json\/wp\/v2\/pages\/38"}],"collection":[{"href":"https:\/\/nszzpwsrp.pl\/sample-page\/wp-json\/wp\/v2\/pages"}],"about":[{"href":"https:\/\/nszzpwsrp.pl\/sample-page\/wp-json\/wp\/v2\/types\/page"}],"author":[{"embeddable":true,"href":"https:\/\/nszzpwsrp.pl\/sample-page\/wp-json\/wp\/v2\/users\/1"}],"replies":[{"embeddable":true,"href":"https:\/\/nszzpwsrp.pl\/sample-page\/wp-json\/wp\/v2\/comments?post=38"}],"version-history":[{"count":36,"href":"https:\/\/nszzpwsrp.pl\/sample-page\/wp-json\/wp\/v2\/pages\/38\/revisions"}],"predecessor-version":[{"id":855,"href":"https:\/\/nszzpwsrp.pl\/sample-page\/wp-json\/wp\/v2\/pages\/38\/revisions\/855"}],"wp:attachment":[{"href":"https:\/\/nszzpwsrp.pl\/sample-page\/wp-json\/wp\/v2\/media?parent=38"}],"curies":[{"name":"wp","href":"https:\/\/api.w.org\/{rel}","templated":true}]}}