{"id":34,"date":"2018-11-01T15:04:00","date_gmt":"2018-11-01T15:04:00","guid":{"rendered":"http:\/\/nszzpwsrp.pl\/?page_id=34"},"modified":"2021-11-26T20:05:21","modified_gmt":"2021-11-26T20:05:21","slug":"dolacz-do-nas","status":"publish","type":"page","link":"https:\/\/nszzpwsrp.pl\/sample-page\/dolacz-do-nas\/","title":{"rendered":"do\u0142\u0105cz do Nas"},"content":{"rendered":"\t\t<div data-elementor-type=\"wp-post\" data-elementor-id=\"34\" class=\"elementor elementor-34\">\n\t\t\t\t\t\t<div class=\"elementor-inner\">\n\t\t\t\t<div class=\"elementor-section-wrap\">\n\t\t\t\t\t\t\t\t\t<section class=\"elementor-section elementor-top-section elementor-element elementor-element-48fa001e elementor-section-stretched elementor-section-boxed elementor-section-height-default elementor-section-height-default\" data-id=\"48fa001e\" data-element_type=\"section\" data-settings=\"{&quot;stretch_section&quot;:&quot;section-stretched&quot;}\">\n\t\t\t\t\t\t<div class=\"elementor-container elementor-column-gap-default\">\n\t\t\t\t\t\t\t<div class=\"elementor-row\">\n\t\t\t\t\t<div class=\"elementor-column elementor-col-100 elementor-top-column elementor-element elementor-element-50f2168b\" data-id=\"50f2168b\" data-element_type=\"column\">\n\t\t\t<div class=\"elementor-column-wrap elementor-element-populated\">\n\t\t\t\t\t\t\t<div class=\"elementor-widget-wrap\">\n\t\t\t\t\t\t<div class=\"elementor-element elementor-element-30da4f81 elementor-invisible elementor-widget elementor-widget-text-editor\" data-id=\"30da4f81\" data-element_type=\"widget\" data-settings=\"{&quot;_animation&quot;:&quot;zoomIn&quot;}\" data-widget_type=\"text-editor.default\">\n\t\t\t\t<div class=\"elementor-widget-container\">\n\t\t\t\t\t\t\t\t<div class=\"elementor-text-editor elementor-clearfix\">\n\t\t\t\t<h6><u><b>Jak zosta\u0107 cz\u0142onkiem NSZZ PWS RP w 3 krokach:<\/b><\/u><\/h6><ol><li><b>wydrukowanie deklaracji cz\u0142onkowskiej,\u00a0 o\u015bwiadczenia RODO oraz o\u015bwiadczenia o wyra\u017ceniu zgody na pobieranie sk\u0142adek (poni\u017cej do pobrania);<\/b><\/li><li><b>podpisanie ww. dokument\u00f3w oraz wykonanie skanu i przekazanie ww. dokument\u00f3w Przewodnicz\u0105cemu oddzia\u0142u lub przes\u0142anie na adres\u00a0<a class=\"mailto-link\" href=\"mailto:deklaracje@nszzpwsrp.pl\" target=\"_blank\" rel=\"noopener\">deklaracje@nszzpwsrp.pl<\/a>;<\/b><\/li><li><strong>je\u015bli chcesz zosta\u0107 anonimowym mo\u017cesz sam odprowadza\u0107 nale\u017cne sk\u0142adki poprzez np. sta\u0142e zlecenie.<\/strong><\/li><\/ol><p><span style=\"text-decoration: underline;\"><strong>Bardzo wa\u017cne:<\/strong><\/span><\/p><p>ulga podatkowa wprowadzona w Polskim \u0141adzie umo\u017cliwia cz\u0142onkom NSZZ PWS RP za ca\u0142y rok podatkowy <strong>odliczy\u0107 wszystkie sk\u0142adki<\/strong> jakie op\u0142acie z tytu\u0142u cz\u0142onkostwa w Naszym zwi\u0105zku- <strong>czyli nie ponosicie \u017cadnych koszt\u00f3w<\/strong> za posiadanie przymiotu cz\u0142onka NSZZ PWS RP i co si\u0119\u00a0 wi\u0105\u017ce z posiadaniem pe\u0142nej statutowej ochrony zwi\u0105zkowej.\u00a0<\/p><p style=\"text-align: center;\"><strong><a href=\"https:\/\/nszzpwsrp.pl\/wp-content\/uploads\/2021\/09\/deklaracja-czlonkowska.docx\">deklaracja\u00a0<\/a><\/strong><\/p><p><strong><span style=\"text-decoration: underline;\">sk\u0142adka cz\u0142onkowska to jedynie 15 z\u0142otych.<\/span><\/strong><\/p>\t\t\t\t\t<\/div>\n\t\t\t\t\t\t<\/div>\n\t\t\t\t<\/div>\n\t\t\t\t\t\t<\/div>\n\t\t\t\t\t<\/div>\n\t\t<\/div>\n\t\t\t\t\t\t\t\t<\/div>\n\t\t\t\t\t<\/div>\n\t\t<\/section>\n\t\t\t\t\t\t\t\t\t<\/div>\n\t\t\t<\/div>\n\t\t\t\t\t<\/div>\n\t\t","protected":false},"excerpt":{"rendered":"<p>Jak zosta\u0107 cz\u0142onkiem NSZZ PWS RP w 3 krokach: wydrukowanie deklaracji cz\u0142onkowskiej,&nbsp; o\u015bwiadczenia RODO oraz o\u015bwiadczenia o wyra\u017ceniu zgody na pobieranie sk\u0142adek (poni\u017cej do pobrania); podpisanie ww. dokument\u00f3w oraz wykonanie skanu i przekazanie ww. dokument\u00f3w Przewodnicz\u0105cemu oddzia\u0142u lub przes\u0142anie na adres&nbsp;deklaracje@nszzpwsrp.pl; je\u015bli chcesz zosta\u0107 anonimowym mo\u017cesz sam odprowadza\u0107 nale\u017cne sk\u0142adki poprzez np. sta\u0142e zlecenie. Bardzo [&hellip;]<\/p>\n","protected":false},"author":1,"featured_media":0,"parent":0,"menu_order":0,"comment_status":"closed","ping_status":"closed","template":"","meta":{"_bbp_topic_count":0,"_bbp_reply_count":0,"_bbp_total_topic_count":0,"_bbp_total_reply_count":0,"_bbp_voice_count":0,"_bbp_anonymous_reply_count":0,"_bbp_topic_count_hidden":0,"_bbp_reply_count_hidden":0,"_bbp_forum_subforum_count":0},"yoast_head":"<!-- This site is optimized with the Yoast SEO plugin v19.11 - https:\/\/yoast.com\/wordpress\/plugins\/seo\/ -->\n<title>do\u0142\u0105cz do Nas - NSZZ Pracownik\u00f3w Wymiaru Sprawiedliwo\u015bci RP<\/title>\n<meta name=\"robots\" content=\"index, follow, max-snippet:-1, max-image-preview:large, max-video-preview:-1\" \/>\n<link rel=\"canonical\" href=\"https:\/\/nszzpwsrp.pl\/sample-page\/dolacz-do-nas\/\" \/>\n<meta property=\"og:locale\" content=\"pl_PL\" \/>\n<meta property=\"og:type\" content=\"article\" \/>\n<meta property=\"og:title\" content=\"do\u0142\u0105cz do nas\" \/>\n<meta property=\"og:description\" content=\"Jak zosta\u0107 cz\u0142onkiem NSZZ PWS RP w 3 krokach: wydrukowanie deklaracji cz\u0142onkowskiej,&nbsp; o\u015bwiadczenia RODO oraz o\u015bwiadczenia o wyra\u017ceniu zgody na pobieranie sk\u0142adek (poni\u017cej do pobrania); podpisanie ww. dokument\u00f3w oraz wykonanie skanu i przekazanie ww. dokument\u00f3w Przewodnicz\u0105cemu oddzia\u0142u lub przes\u0142anie na adres&nbsp;deklaracje@nszzpwsrp.pl; je\u015bli chcesz zosta\u0107 anonimowym mo\u017cesz sam odprowadza\u0107 nale\u017cne sk\u0142adki poprzez np. sta\u0142e zlecenie. Bardzo [&hellip;]\" \/>\n<meta property=\"og:url\" content=\"https:\/\/nszzpwsrp.pl\/sample-page\/dolacz-do-nas\/\" \/>\n<meta property=\"og:site_name\" content=\"NSZZ Pracownik\u00f3w Wymiaru Sprawiedliwo\u015bci RP\" \/>\n<meta property=\"article:modified_time\" content=\"2021-11-26T20:05:21+00:00\" \/>\n<meta name=\"twitter:card\" content=\"summary_large_image\" \/>\n<meta name=\"twitter:label1\" content=\"Szacowany czas czytania\" \/>\n\t<meta name=\"twitter:data1\" content=\"1 minuta\" \/>\n<script type=\"application\/ld+json\" class=\"yoast-schema-graph\">{\"@context\":\"https:\/\/schema.org\",\"@graph\":[{\"@type\":\"WebPage\",\"@id\":\"https:\/\/nszzpwsrp.pl\/sample-page\/dolacz-do-nas\/\",\"url\":\"https:\/\/nszzpwsrp.pl\/sample-page\/dolacz-do-nas\/\",\"name\":\"do\u0142\u0105cz do Nas - NSZZ Pracownik\u00f3w Wymiaru Sprawiedliwo\u015bci RP\",\"isPartOf\":{\"@id\":\"https:\/\/nszzpwsrp.pl\/sample-page\/#website\"},\"datePublished\":\"2018-11-01T15:04:00+00:00\",\"dateModified\":\"2021-11-26T20:05:21+00:00\",\"breadcrumb\":{\"@id\":\"https:\/\/nszzpwsrp.pl\/sample-page\/dolacz-do-nas\/#breadcrumb\"},\"inLanguage\":\"pl-PL\",\"potentialAction\":[{\"@type\":\"ReadAction\",\"target\":[\"https:\/\/nszzpwsrp.pl\/sample-page\/dolacz-do-nas\/\"]}]},{\"@type\":\"BreadcrumbList\",\"@id\":\"https:\/\/nszzpwsrp.pl\/sample-page\/dolacz-do-nas\/#breadcrumb\",\"itemListElement\":[{\"@type\":\"ListItem\",\"position\":1,\"name\":\"Strona g\u0142\u00f3wna\",\"item\":\"https:\/\/nszzpwsrp.pl\/sample-page\/\"},{\"@type\":\"ListItem\",\"position\":2,\"name\":\"do\u0142\u0105cz do Nas\"}]},{\"@type\":\"WebSite\",\"@id\":\"https:\/\/nszzpwsrp.pl\/sample-page\/#website\",\"url\":\"https:\/\/nszzpwsrp.pl\/sample-page\/\",\"name\":\"NSZZ Pracownik\u00f3w Wymiaru Sprawiedliwo\u015bci Rzeczypospolitej Polskiej\",\"description\":\"sta\u0142y cz\u0142onek Og\u00f3lnopolskiego Porozumienia Zwi\u0105zk\u00f3w Zawodowych i Europejskiej Konfederacji Zwi\u0105zk\u00f3w Zawodowych\",\"publisher\":{\"@id\":\"https:\/\/nszzpwsrp.pl\/sample-page\/#organization\"},\"potentialAction\":[{\"@type\":\"SearchAction\",\"target\":{\"@type\":\"EntryPoint\",\"urlTemplate\":\"https:\/\/nszzpwsrp.pl\/sample-page\/?s={search_term_string}\"},\"query-input\":\"required name=search_term_string\"}],\"inLanguage\":\"pl-PL\"},{\"@type\":\"Organization\",\"@id\":\"https:\/\/nszzpwsrp.pl\/sample-page\/#organization\",\"name\":\"NSZZ Pracownik\u00f3w Wymiaru Sprawiedliwo\u015bci Rzeczypospolitej Polskiej\",\"url\":\"https:\/\/nszzpwsrp.pl\/sample-page\/\",\"logo\":{\"@type\":\"ImageObject\",\"inLanguage\":\"pl-PL\",\"@id\":\"https:\/\/nszzpwsrp.pl\/sample-page\/#\/schema\/logo\/image\/\",\"url\":\"https:\/\/nszzpwsrp.pl\/wp-content\/uploads\/2018\/11\/logo-e1541235346564.png\",\"contentUrl\":\"https:\/\/nszzpwsrp.pl\/wp-content\/uploads\/2018\/11\/logo-e1541235346564.png\",\"width\":250,\"height\":250,\"caption\":\"NSZZ Pracownik\u00f3w Wymiaru Sprawiedliwo\u015bci Rzeczypospolitej Polskiej\"},\"image\":{\"@id\":\"https:\/\/nszzpwsrp.pl\/sample-page\/#\/schema\/logo\/image\/\"}}]}<\/script>\n<!-- \/ Yoast SEO plugin. -->","yoast_head_json":{"title":"do\u0142\u0105cz do Nas - NSZZ Pracownik\u00f3w Wymiaru Sprawiedliwo\u015bci RP","robots":{"index":"index","follow":"follow","max-snippet":"max-snippet:-1","max-image-preview":"max-image-preview:large","max-video-preview":"max-video-preview:-1"},"canonical":"https:\/\/nszzpwsrp.pl\/sample-page\/dolacz-do-nas\/","og_locale":"pl_PL","og_type":"article","og_title":"do\u0142\u0105cz do nas","og_description":"Jak zosta\u0107 cz\u0142onkiem NSZZ PWS RP w 3 krokach: wydrukowanie deklaracji cz\u0142onkowskiej,&nbsp; o\u015bwiadczenia RODO oraz o\u015bwiadczenia o wyra\u017ceniu zgody na pobieranie sk\u0142adek (poni\u017cej do pobrania); podpisanie ww. dokument\u00f3w oraz wykonanie skanu i przekazanie ww. dokument\u00f3w Przewodnicz\u0105cemu oddzia\u0142u lub przes\u0142anie na adres&nbsp;deklaracje@nszzpwsrp.pl; je\u015bli chcesz zosta\u0107 anonimowym mo\u017cesz sam odprowadza\u0107 nale\u017cne sk\u0142adki poprzez np. sta\u0142e zlecenie. Bardzo [&hellip;]","og_url":"https:\/\/nszzpwsrp.pl\/sample-page\/dolacz-do-nas\/","og_site_name":"NSZZ Pracownik\u00f3w Wymiaru Sprawiedliwo\u015bci RP","article_modified_time":"2021-11-26T20:05:21+00:00","twitter_card":"summary_large_image","twitter_misc":{"Szacowany czas czytania":"1 minuta"},"schema":{"@context":"https:\/\/schema.org","@graph":[{"@type":"WebPage","@id":"https:\/\/nszzpwsrp.pl\/sample-page\/dolacz-do-nas\/","url":"https:\/\/nszzpwsrp.pl\/sample-page\/dolacz-do-nas\/","name":"do\u0142\u0105cz do Nas - NSZZ Pracownik\u00f3w Wymiaru Sprawiedliwo\u015bci RP","isPartOf":{"@id":"https:\/\/nszzpwsrp.pl\/sample-page\/#website"},"datePublished":"2018-11-01T15:04:00+00:00","dateModified":"2021-11-26T20:05:21+00:00","breadcrumb":{"@id":"https:\/\/nszzpwsrp.pl\/sample-page\/dolacz-do-nas\/#breadcrumb"},"inLanguage":"pl-PL","potentialAction":[{"@type":"ReadAction","target":["https:\/\/nszzpwsrp.pl\/sample-page\/dolacz-do-nas\/"]}]},{"@type":"BreadcrumbList","@id":"https:\/\/nszzpwsrp.pl\/sample-page\/dolacz-do-nas\/#breadcrumb","itemListElement":[{"@type":"ListItem","position":1,"name":"Strona g\u0142\u00f3wna","item":"https:\/\/nszzpwsrp.pl\/sample-page\/"},{"@type":"ListItem","position":2,"name":"do\u0142\u0105cz do Nas"}]},{"@type":"WebSite","@id":"https:\/\/nszzpwsrp.pl\/sample-page\/#website","url":"https:\/\/nszzpwsrp.pl\/sample-page\/","name":"NSZZ Pracownik\u00f3w Wymiaru Sprawiedliwo\u015bci Rzeczypospolitej Polskiej","description":"sta\u0142y cz\u0142onek Og\u00f3lnopolskiego Porozumienia Zwi\u0105zk\u00f3w Zawodowych i Europejskiej Konfederacji Zwi\u0105zk\u00f3w Zawodowych","publisher":{"@id":"https:\/\/nszzpwsrp.pl\/sample-page\/#organization"},"potentialAction":[{"@type":"SearchAction","target":{"@type":"EntryPoint","urlTemplate":"https:\/\/nszzpwsrp.pl\/sample-page\/?s={search_term_string}"},"query-input":"required name=search_term_string"}],"inLanguage":"pl-PL"},{"@type":"Organization","@id":"https:\/\/nszzpwsrp.pl\/sample-page\/#organization","name":"NSZZ Pracownik\u00f3w Wymiaru Sprawiedliwo\u015bci Rzeczypospolitej Polskiej","url":"https:\/\/nszzpwsrp.pl\/sample-page\/","logo":{"@type":"ImageObject","inLanguage":"pl-PL","@id":"https:\/\/nszzpwsrp.pl\/sample-page\/#\/schema\/logo\/image\/","url":"https:\/\/nszzpwsrp.pl\/wp-content\/uploads\/2018\/11\/logo-e1541235346564.png","contentUrl":"https:\/\/nszzpwsrp.pl\/wp-content\/uploads\/2018\/11\/logo-e1541235346564.png","width":250,"height":250,"caption":"NSZZ Pracownik\u00f3w Wymiaru Sprawiedliwo\u015bci Rzeczypospolitej Polskiej"},"image":{"@id":"https:\/\/nszzpwsrp.pl\/sample-page\/#\/schema\/logo\/image\/"}}]}},"jetpack_sharing_enabled":true,"jetpack_shortlink":"https:\/\/wp.me\/PatX8E-y","_links":{"self":[{"href":"https:\/\/nszzpwsrp.pl\/sample-page\/wp-json\/wp\/v2\/pages\/34"}],"collection":[{"href":"https:\/\/nszzpwsrp.pl\/sample-page\/wp-json\/wp\/v2\/pages"}],"about":[{"href":"https:\/\/nszzpwsrp.pl\/sample-page\/wp-json\/wp\/v2\/types\/page"}],"author":[{"embeddable":true,"href":"https:\/\/nszzpwsrp.pl\/sample-page\/wp-json\/wp\/v2\/users\/1"}],"replies":[{"embeddable":true,"href":"https:\/\/nszzpwsrp.pl\/sample-page\/wp-json\/wp\/v2\/comments?post=34"}],"version-history":[{"count":68,"href":"https:\/\/nszzpwsrp.pl\/sample-page\/wp-json\/wp\/v2\/pages\/34\/revisions"}],"predecessor-version":[{"id":1221,"href":"https:\/\/nszzpwsrp.pl\/sample-page\/wp-json\/wp\/v2\/pages\/34\/revisions\/1221"}],"wp:attachment":[{"href":"https:\/\/nszzpwsrp.pl\/sample-page\/wp-json\/wp\/v2\/media?parent=34"}],"curies":[{"name":"wp","href":"https:\/\/api.w.org\/{rel}","templated":true}]}}